{"id":317,"date":"2021-01-16T17:52:15","date_gmt":"2021-01-16T10:52:15","guid":{"rendered":"https:\/\/phuongducexpress.com.vn\/?page_id=317"},"modified":"2021-03-03T14:42:05","modified_gmt":"2021-03-03T07:42:05","slug":"chuyen-tuyen","status":"publish","type":"page","link":"https:\/\/phuongducexpress.com.vn\/en\/dich-vu\/international-express\/chuyen-tuyen\/","title":{"rendered":"Specialize in shipping route"},"content":{"rendered":"<div class=\"img has-hover x md-x lg-x y md-y lg-y\" id=\"image_1676516562\">\n\t\t\t\t\t\t\t\t<div class=\"img-inner dark\" >\n\t\t\t<img width=\"1020\" height=\"677\" src=\"https:\/\/phuongducexpress.com.vn\/wp-content\/uploads\/2021\/02\/ups-1205x800.jpg\" class=\"attachment-large size-large\" alt=\"\" loading=\"lazy\" srcset=\"https:\/\/phuongducexpress.com.vn\/wp-content\/uploads\/2021\/02\/ups-1205x800.jpg 1205w, https:\/\/phuongducexpress.com.vn\/wp-content\/uploads\/2021\/02\/ups-800x531.jpg 800w, https:\/\/phuongducexpress.com.vn\/wp-content\/uploads\/2021\/02\/ups-768x510.jpg 768w, https:\/\/phuongducexpress.com.vn\/wp-content\/uploads\/2021\/02\/ups.jpg 1280w\" sizes=\"(max-width: 1020px) 100vw, 1020px\" \/>\t\t\t\t\t\t\n\t\t\t\t\t<\/div>\n\t\t\t\t\t\t\t\t\n<style>\n#image_1676516562 {\n  width: 100%;\n}\n<\/style>\n\t<\/div>\n\t\n<div class=\"container section-title-container\" ><h3 class=\"section-title section-title-center\"><b><\/b><span class=\"section-title-main\" >D\u1ecbch v\u1ee5 UPS<\/span><b><\/b><\/h3><\/div>\n<p>UPS k\u1ebft h\u1ee3p m\u1ea1ng l\u01b0\u1edbi v\u1eadn t\u1ea3i t\u00edch h\u1ee3p l\u1edbn nh\u1ea5t th\u1ebf gi\u1edbi v\u1edbi c\u00e1c c\u00f4ng ngh\u1ec7 gi\u00fap b\u1ea1n d\u1ec5 d\u00e0ng t\u1ea1o \u0111\u01a1n h\u00e0ng, l\u00ean l\u1ecbch nh\u1eadn h\u00e0ng c\u0169ng nh\u01b0 theo d\u00f5i qu\u00e1 tr\u00ecnh giao h\u00e0ng.<br \/>\nB\u1ea1n c\u1ea7n v\u1eadn chuy\u1ec3n nh\u1eefng \u0111\u01a1n h\u00e0ng \u0111\u1ebfn ch\u00e2u \u00c2u hay nhi\u1ec1u l\u00f4 h\u00e0ng l\u1edbn \u0111\u1ebfn ch\u00e2u M\u1ef9, ch\u00fang t\u00f4i c\u00f3 th\u1ec3 \u0111\u01b0a h\u00e0ng \u0111\u1ebfn n\u01a1i m\u1ed9t c\u00e1ch nhanh ch\u00f3ng, \u0111\u00e1ng tin c\u1eady v\u1edbi m\u1ee9c gi\u00e1 ph\u00f9 h\u1ee3p cho doanh nghi\u1ec7p v\u00e0 nhu c\u1ea7u c\u1ee7a b\u1ea1n.<br \/>\n<strong>1. D\u1ecbch v\u1ee5 v\u1eadn chuy\u1ec3n<\/strong><br \/>\n&#8211; V\u1eadn Chuy\u1ec3n kh\u1ed1i l\u01b0\u1ee3ng nh\u1ecf ho\u1eb7c Kh\u00f4ng Th\u01b0\u1eddng Xuy\u00ean:<br \/>\n\u2022 Giao di\u1ec7n UPS.com tr\u1ef1c quan h\u01a1n gi\u00fap quy tr\u00ecnh g\u1eedi h\u00e0ng \u0111\u01a1n gi\u1ea3n h\u01a1n<br \/>\n\u2022 \u01af\u1edbc t\u00ednh gi\u00e1 tr\u1ef1c ti\u1ebfp t\u1ef1 \u0111\u1ed9ng c\u1eadp nh\u1eadt khi b\u1ea1n g\u1eedi h\u00e0ng (bao g\u1ed3m ph\u00ed v\u00e0 thu\u1ebf \u01b0\u1edbc t\u00ednh cho c\u00e1c l\u00f4 h\u00e0ng qu\u1ed1c t\u1ebf)<br \/>\n\u2022 Giao h\u00e0ng cho nhi\u1ec1u ng\u01b0\u1eddi c\u00f9ng m\u1ed9t l\u00fac v\u1edbi danh s\u00e1ch ph\u00e2n ph\u1ed1i n\u00e2ng cao v\u00e0 kh\u1ea3 n\u0103ng nh\u1eadp theo l\u00f4<br \/>\n&#8211; V\u1eadn Chuy\u1ec3n Kh\u1ed1i L\u01b0\u1ee3ng nhi\u1ec1u<br \/>\nKhi b\u1ea1n h\u1ee3p t\u00e1c v\u1edbi UPS, v\u1edbi h\u01a1n 100 n\u0103m kinh nghi\u00ea\u0323m v\u1eadn chuy\u1ec3n h\u00e0ng, ch\u00fang t\u00f4i s\u1ebd \u0111\u1ea3m b\u1ea3o \u0111em l\u1ea1i ch\u1ea5t l\u01b0\u1ee3ng d\u1ecbch v\u1ee5 \u0111\u00e1ng tin c\u1eady nh\u1ea5t , s\u1ebd v\u1eadn chuy\u1ec3n h\u00e0ng \u0111\u00fang h\u1ea1n v\u00e0 ph\u00f9 h\u1ee3p ng\u00e2n s\u00e1ch. H\u00e3y ch\u1ecdn trong s\u1ed1 c\u00e1c d\u1ecbch v\u1ee5 ho\u00e0n ch\u1ec9nh c\u1ee7a ch\u00fang t\u00f4i \u0111\u1ec3 v\u1eadn chuy\u1ec3n c\u00e1c l\u00f4 h\u00e0ng tr\u00ean 100 c\u00e2n.<br \/>\n<strong>2.D\u1ecbch V\u1ee5 Tracking (Theo d\u00f5i)<\/strong><\/p>\n<p>Du\u0300 ba\u0323n \u0111ang nh\u00e2\u0323n m\u00f4\u0323t go\u0301i ha\u0300ng hay v\u00e2\u0323n chuy\u00ea\u0309n ha\u0300ng tr\u0103m go\u0301i ha\u0300ng, UPS Tracking giu\u0301p ba\u0323n hi\u00ea\u0309u ro\u0303 ti\u0300nh tra\u0323ng l\u00f4 ha\u0300ng cu\u0309a mi\u0300nh xuy\u00ean su\u00f4\u0301t ha\u0300nh tri\u0300nh cu\u0309a no\u0301. Ba\u0323n se\u0303 ca\u0309m th\u00e2\u0301y t\u01b0\u0323 tin va\u0300 an t\u00e2m khi bi\u00ea\u0301t r\u0103\u0300ng mi\u0300nh \u0111a\u0303 co\u0301 th\u00f4ng tin m\u01a1\u0301i nh\u00e2\u0301t khi s\u01b0\u0309 du\u0323ng ca\u0301c tu\u0300y cho\u0323n truy ti\u0300m n\u00e2ng cao cu\u0309a chu\u0301ng t\u00f4i.<br \/>\nv\u1eadn \u0111\u01a1n c\u1ee7a ups.com cung c\u00e2\u0301p m\u00f4\u0323t s\u00f4\u0301 ca\u0301ch truy ti\u0300m, va\u0300 mang \u0111\u00ea\u0301n nh\u01b0\u0303ng ca\u0301ch ti\u00ea\u0323n l\u01a1\u0323i \u0111\u00ea\u0309 n\u0103\u0301m ro\u0303 ti\u0300nh tra\u0323ng hi\u00ea\u0323n ta\u0323i, tr\u00ea\u0303 h\u00e0ng ngoa\u0300i d\u01b0\u0323 ti\u0301nh, va\u0300 cu\u00f4\u0301i cu\u0300ng vi\u00ea\u0323c pha\u0301t l\u00f4 ha\u0300ng cu\u0309a ba\u0323n.<\/p>\n<p><strong>3.D\u1ecbch v\u1ee5 v\u00e0 gi\u1ea3i ph\u00e1p v\u1eadn chuy\u1ec3n qu\u1ed1c t\u1ebf<\/strong><br \/>\nNhu c\u1ea7u tr\u00ean to\u00e0n th\u1ebf gi\u1edbi ng\u00e0y nay ph\u1ea7n l\u1edbn \u0111\u1ec1u ph\u00e1t sinh xuy\u00ean bi\u00ean gi\u1edbi. B\u1ea1n \u0111\u00e3 n\u1eafm l\u1ea5y c\u01a1 h\u1ed9i c\u1ee7a m\u00ecnh ch\u01b0a? UPS v\u1eadn chuy\u1ec3n nhi\u1ec1u h\u00e0ng h\u00f3a t\u1edbi nhi\u1ec1u \u0111i\u1ec3m \u0111\u1ebfn h\u01a1n b\u1ea5t k\u1ef3 h\u00e3ng v\u1eadn t\u1ea3i n\u00e0o kh\u00e1c, k\u1ebft h\u1ee3p chuy\u00ean m\u00f4n, h\u1ea1 t\u1ea7ng, ngu\u1ed3n l\u1ef1c tr\u1ea3i r\u1ed9ng h\u01a1n 220 qu\u1ed1c gia v\u00e0 v\u00f9ng l\u00e3nh th\u1ed5. D\u00f9 doanh nghi\u1ec7p c\u1ee7a b\u1ea1n l\u1edbn hay nh\u1ecf, ch\u00fang t\u00f4i \u0111\u1ec1u c\u00f3 th\u1ec3 gi\u00fap b\u1ea1n t\u1eadn d\u1ee5ng nhu c\u1ea7u to\u00e0n c\u1ea7u \u2014 s\u00e1t c\u00e1nh b\u00ean b\u1ea1n t\u1eebng b\u01b0\u1edbc m\u1ed9t.<\/p>","protected":false},"excerpt":{"rendered":"<p>UPS k\u1ebft h\u1ee3p m\u1ea1ng l\u01b0\u1edbi v\u1eadn t\u1ea3i t\u00edch h\u1ee3p l\u1edbn nh\u1ea5t th\u1ebf gi\u1edbi v\u1edbi c\u00e1c c\u00f4ng ngh\u1ec7 gi\u00fap b\u1ea1n d\u1ec5 d\u00e0ng t\u1ea1o \u0111\u01a1n h\u00e0ng, l\u00ean l\u1ecbch nh\u1eadn h\u00e0ng c\u0169ng nh\u01b0 theo d\u00f5i qu\u00e1 tr\u00ecnh giao h\u00e0ng. B\u1ea1n c\u1ea7n v\u1eadn chuy\u1ec3n nh\u1eefng \u0111\u01a1n h\u00e0ng \u0111\u1ebfn ch\u00e2u \u00c2u hay nhi\u1ec1u l\u00f4 h\u00e0ng l\u1edbn \u0111\u1ebfn ch\u00e2u M\u1ef9, ch\u00fang [&#8230;]","protected":false},"author":1,"featured_media":0,"parent":309,"menu_order":0,"comment_status":"closed","ping_status":"closed","template":"page-right-sidebar.php","meta":[],"_links":{"self":[{"href":"https:\/\/phuongducexpress.com.vn\/en\/wp-json\/wp\/v2\/pages\/317"}],"collection":[{"href":"https:\/\/phuongducexpress.com.vn\/en\/wp-json\/wp\/v2\/pages"}],"about":[{"href":"https:\/\/phuongducexpress.com.vn\/en\/wp-json\/wp\/v2\/types\/page"}],"author":[{"embeddable":true,"href":"https:\/\/phuongducexpress.com.vn\/en\/wp-json\/wp\/v2\/users\/1"}],"replies":[{"embeddable":true,"href":"https:\/\/phuongducexpress.com.vn\/en\/wp-json\/wp\/v2\/comments?post=317"}],"version-history":[{"count":8,"href":"https:\/\/phuongducexpress.com.vn\/en\/wp-json\/wp\/v2\/pages\/317\/revisions"}],"predecessor-version":[{"id":674,"href":"https:\/\/phuongducexpress.com.vn\/en\/wp-json\/wp\/v2\/pages\/317\/revisions\/674"}],"up":[{"embeddable":true,"href":"https:\/\/phuongducexpress.com.vn\/en\/wp-json\/wp\/v2\/pages\/309"}],"wp:attachment":[{"href":"https:\/\/phuongducexpress.com.vn\/en\/wp-json\/wp\/v2\/media?parent=317"}],"curies":[{"name":"wp","href":"https:\/\/api.w.org\/{rel}","templated":true}]}}