{"id":315,"date":"2021-01-16T17:51:59","date_gmt":"2021-01-16T10:51:59","guid":{"rendered":"https:\/\/phuongducexpress.com.vn\/?page_id=315"},"modified":"2022-02-28T09:09:28","modified_gmt":"2022-02-28T02:09:28","slug":"express","status":"publish","type":"page","link":"https:\/\/phuongducexpress.com.vn\/en\/dich-vu\/international-express\/express\/","title":{"rendered":"Express"},"content":{"rendered":"<div class=\"img has-hover x md-x lg-x y md-y lg-y\" id=\"image_909001607\">\n\t\t\t\t\t\t\t\t<div class=\"img-inner dark\" >\n\t\t\t<img width=\"1020\" height=\"650\" src=\"https:\/\/phuongducexpress.com.vn\/wp-content\/uploads\/2021\/03\/express1-1.jpg\" class=\"attachment-large size-large\" alt=\"\" loading=\"lazy\" srcset=\"https:\/\/phuongducexpress.com.vn\/wp-content\/uploads\/2021\/03\/express1-1.jpg 1242w, https:\/\/phuongducexpress.com.vn\/wp-content\/uploads\/2021\/03\/express1-1-800x510.jpg 800w, https:\/\/phuongducexpress.com.vn\/wp-content\/uploads\/2021\/03\/express1-1-768x490.jpg 768w\" sizes=\"(max-width: 1020px) 100vw, 1020px\" \/>\t\t\t\t\t\t\n\t\t\t\t\t<\/div>\n\t\t\t\t\t\t\t\t\n<style>\n#image_909001607 {\n  width: 100%;\n}\n<\/style>\n\t<\/div>\n\t\n<div class=\"container section-title-container\" ><h3 class=\"section-title section-title-center\"><b><\/b><span class=\"section-title-main\" >INTERNATIONAL EXPRESS<\/span><b><\/b><\/h3><\/div>\n<p>Giao nh\u1eadn Express Qu\u1ed1c T\u1ebf<br \/>\nGiao nh\u1eadn \u0111\u00fang y\u00eau c\u1ea7u tr\u00ean 220 qu\u1ed1c gia<br \/>\nD\u1ecbch v\u1ee5 giao nh\u1eadn v\u00e0o ng\u00e0y l\u00e0m vi\u1ec7c ti\u1ebfp theo<br \/>\nCh\u00fang t\u00f4i nh\u1eadn h\u00e0ng h\u00f4m nay v\u00e0 giao ngay v\u00e0o ng\u00e0y l\u00e0m vi\u1ec7c h\u00f4m sau (ho\u1eb7c trong th\u1eddi gian s\u1edbm nh\u1ea5t c\u00f3 th\u1ec3). Nh\u1eadn h\u00e0ng ngay h\u00f4m nay trong gi\u1edd h\u00e0nh ch\u00ednh. \u0111\u1ea3m b\u1ea3o giao h\u00e0ng theo th\u1eddi gian x\u00e1c \u0111\u1ecbnh. Kh\u00e1ch h\u00e0ng c\u00f3 th\u1ec3 ch\u1ecdn th\u1eddi gian giao nh\u1eadn v\u1edbi c\u00e1c d\u1ecbch v\u1ee5 d\u01b0\u1edbi \u0111\u00e2y:<br \/>\n\u2022\u00a0 9 gi\u1edd s\u00e1ng (9:00 Express)<br \/>\n\u2022\u00a0 10 gi\u1edd s\u00e1ng (10:00 Express)<br \/>\n\u2022\u00a0 12 gi\u1edd s\u00e1ng (12:00 Express)<br \/>\n\u2022\u00a0 Giao nh\u1eadn to\u00e0n c\u1ea7u (World Express)<\/p>\n<p><strong>\u00a09 Gi\u1edd S\u00e1ng (9:00 Express)<\/strong> \u2022 Cam k\u1ebft giao h\u00e0ng l\u00fac 9 gi\u1edd s\u00e1ng c\u1ee7a ng\u00e0y l\u00e0m vi\u1ec7c ti\u1ebfp theo ho\u1eb7c ng\u00e0y l\u00e0m vi\u1ec7c s\u1edbm nh\u1ea5t c\u00f3 th\u1ec3 \u2022 Chuy\u1ec3n ph\u00e1t \u0111\u1ebfn c\u00e1c th\u00e0nh ph\u1ed1 v\u00e0 trung t\u00e2m ch\u00ednh c\u1ee7a h\u01a1n 40 qu\u1ed1c gia tr\u00ean th\u1ebf gi\u1edbi \u2022 Tr\u1ecdng l\u01b0\u1ee3ng h\u00e0ng g\u1eedi c\u00f3 th\u1ec3 l\u00ean \u0111\u1ebfn 210 kg<\/p>\n<p><strong>10 Gi\u1edd S\u00e1ng (10:00 Express)<\/strong><br \/>\n\u2022 Cam k\u1ebft giao h\u00e0ng l\u00fac 10 gi\u1edd s\u00e1ng c\u1ee7a ng\u00e0y l\u00e0m vi\u1ec7c ti\u1ebfp theo ho\u1eb7c ng\u00e0y l\u00e0m vi\u1ec7c s\u1edbm nh\u1ea5t c\u00f3 th\u1ec3<br \/>\n\u2022 Chuy\u1ec3n ph\u00e1t \u0111\u1ebfn c\u00e1c th\u00e0nh ph\u1ed1 v\u00e0 trung t\u00e2m ch\u00ednh c\u1ee7a h\u01a1n 60 qu\u1ed1c gia tr\u00ean th\u1ebf gi\u1edbi<br \/>\n\u2022 Tr\u1ecdng l\u01b0\u1ee3ng h\u00e0ng g\u1eedi c\u00f3 th\u1ec3 l\u00ean \u0111\u1ebfn 210 kg<\/p>\n<p><strong>12 Gi\u1edd S\u00e1ng (12:00 Express)<\/strong><br \/>\n\u2022 Cam k\u1ebft giao h\u00e0ng l\u00fac 12 gi\u1edd s\u00e1ng c\u1ee7a ng\u00e0y l\u00e0m vi\u1ec7c ti\u1ebfp theo ho\u1eb7c ng\u00e0y l\u00e0m vi\u1ec7c s\u1edbm nh\u1ea5t c\u00f3 th\u1ec3<br \/>\n\u2022 Chuy\u1ec3n ph\u00e1t \u0111\u1ebfn c\u00e1c th\u00e0nh ph\u1ed1 v\u00e0 trung t\u00e2m ch\u00ednh c\u1ee7a h\u01a1n 60 qu\u1ed1c gia tr\u00ean th\u1ebf gi\u1edbi<br \/>\n\u2022 Tr\u1ecdng l\u01b0\u1ee3ng h\u00e0ng g\u1eedi c\u00f3 th\u1ec3 l\u00ean \u0111\u1ebfn 500kg<\/p>\n<p><strong>\u00a0To\u00e0n C\u1ea7u (Express)<\/strong><br \/>\n\u2022 Giao h\u00e0ng tr\u01b0\u1edbc khi k\u1ebft th\u00fac ng\u00e0y l\u00e0m vi\u1ec7c ti\u1ebfp theo ho\u1eb7c ng\u00e0y s\u1edbm nh\u1ea5t c\u00f3 th\u1ec3<br \/>\n\u2022 T\u00f9y ch\u1ecdn d\u1ecbch v\u1ee5 chuy\u1ec3n ph\u00e1t \u01b0u ti\u00ean<br \/>\n\u2022 Chuy\u1ec3n ph\u00e1t \u0111\u1ebfn h\u01a1n 200 qu\u1ed1c gia tr\u00ean th\u1ebf gi\u1edbi<br \/>\n\u2022 Tr\u1ecdng l\u01b0\u1ee3ng h\u00e0ng g\u1eedi c\u00f3 th\u1ec3 l\u00ean \u0111\u1ebfn 500kg<\/p>\n<p><strong>Giao nh\u1eadn \u0111\u1ecbnh ng\u00e0y c\u1ee5 th\u1ec3<\/strong><br \/>\n\u0110\u1ec3 ti\u1ebft ki\u1ec7m chi ph\u00ed cho c\u00e1c l\u00f4 h\u00e0ng kh\u00f4ng c\u1ea7n chuy\u1ec3n ph\u00e1t g\u1ea5p v\u00e0 tr\u1ecdng l\u01b0\u1ee3ng nh\u1eb9, Ph\u01b0\u01a1ng \u0110\u1ee9c cung c\u1ea5p d\u1ecbch v\u1ee5 giao nh\u1eadn nhanh ti\u1ebft ki\u1ec7m ho\u00e0n h\u1ea3o. Ch\u00fang t\u00f4i nh\u1eadn h\u00e0ng ngay h\u00f4m nay v\u00e0 s\u1ebd giao v\u00e0o m\u1ed9t ng\u00e0y quy \u0111\u1ecbnh c\u1ee5 th\u1ec3 trong kho\u1ea3n th\u1eddi gian t\u1eeb 2-5 ng\u00e0y l\u00e0m vi\u1ec7c<br \/>\n<strong>Giao nh\u1eadn ti\u1ebft ki\u1ec7m<\/strong><br \/>\n\u2022 Giao nh\u1eadn v\u00e0o m\u1ed9t ng\u00e0y quy \u0111\u1ecbnh c\u1ee5 th\u1ec3 trong kho\u1ea3n th\u1eddi gian t\u1eeb 2-5 ng\u00e0y l\u00e0m vi\u1ec7c<br \/>\n\u2022 T\u00f9y ch\u1ecdn giao nh\u1eadn \u01b0u ti\u00ean<br \/>\n\u2022 Giao nh\u1eadn \u0111\u1ebfn c\u00e1c th\u00e0nh ph\u1ed1 v\u00e0 trung t\u00e2m ch\u00ednh c\u1ee7a h\u01a1n 200 qu\u1ed1c gia tr\u00ean th\u1ebf gi\u1edbi<br \/>\n\u2022 Tr\u1ecdng l\u01b0\u1ee3ng h\u00e0ng g\u1eedi c\u00f3 th\u1ec3 l\u00ean t\u1edbi 7000kg t\u1ea1i Ch\u00e2u \u00c2u v\u00e0 500kg tr\u00ean to\u00e0n th\u1ebf gi\u1edbi<\/p>","protected":false},"excerpt":{"rendered":"<p>Giao nh\u1eadn Express Qu\u1ed1c T\u1ebf Giao nh\u1eadn \u0111\u00fang y\u00eau c\u1ea7u tr\u00ean 220 qu\u1ed1c gia D\u1ecbch v\u1ee5 giao nh\u1eadn v\u00e0o ng\u00e0y l\u00e0m vi\u1ec7c ti\u1ebfp theo Ch\u00fang t\u00f4i nh\u1eadn h\u00e0ng h\u00f4m nay v\u00e0 giao ngay v\u00e0o ng\u00e0y l\u00e0m vi\u1ec7c h\u00f4m sau (ho\u1eb7c trong th\u1eddi gian s\u1edbm nh\u1ea5t c\u00f3 th\u1ec3). Nh\u1eadn h\u00e0ng ngay h\u00f4m nay trong gi\u1edd h\u00e0nh [&#8230;]","protected":false},"author":1,"featured_media":0,"parent":309,"menu_order":0,"comment_status":"closed","ping_status":"closed","template":"page-right-sidebar.php","meta":[],"_links":{"self":[{"href":"https:\/\/phuongducexpress.com.vn\/en\/wp-json\/wp\/v2\/pages\/315"}],"collection":[{"href":"https:\/\/phuongducexpress.com.vn\/en\/wp-json\/wp\/v2\/pages"}],"about":[{"href":"https:\/\/phuongducexpress.com.vn\/en\/wp-json\/wp\/v2\/types\/page"}],"author":[{"embeddable":true,"href":"https:\/\/phuongducexpress.com.vn\/en\/wp-json\/wp\/v2\/users\/1"}],"replies":[{"embeddable":true,"href":"https:\/\/phuongducexpress.com.vn\/en\/wp-json\/wp\/v2\/comments?post=315"}],"version-history":[{"count":13,"href":"https:\/\/phuongducexpress.com.vn\/en\/wp-json\/wp\/v2\/pages\/315\/revisions"}],"predecessor-version":[{"id":840,"href":"https:\/\/phuongducexpress.com.vn\/en\/wp-json\/wp\/v2\/pages\/315\/revisions\/840"}],"up":[{"embeddable":true,"href":"https:\/\/phuongducexpress.com.vn\/en\/wp-json\/wp\/v2\/pages\/309"}],"wp:attachment":[{"href":"https:\/\/phuongducexpress.com.vn\/en\/wp-json\/wp\/v2\/media?parent=315"}],"curies":[{"name":"wp","href":"https:\/\/api.w.org\/{rel}","templated":true}]}}