{"id":311,"date":"2021-01-16T17:51:16","date_gmt":"2021-01-16T10:51:16","guid":{"rendered":"https:\/\/phuongducexpress.com.vn\/?page_id=311"},"modified":"2021-02-25T09:18:23","modified_gmt":"2021-02-25T02:18:23","slug":"air-freight-services","status":"publish","type":"page","link":"https:\/\/phuongducexpress.com.vn\/en\/dich-vu\/air-freight-services\/","title":{"rendered":"AIR FREIGHT SERVICES"},"content":{"rendered":"<div class=\"img has-hover x md-x lg-x y md-y lg-y\" id=\"image_616625718\">\n\t\t\t\t\t\t\t\t<div class=\"img-inner dark\" >\n\t\t\t<img width=\"1020\" height=\"457\" src=\"https:\/\/phuongducexpress.com.vn\/wp-content\/uploads\/2021\/02\/dvu.jpg\" class=\"attachment-large size-large\" alt=\"\" loading=\"lazy\" srcset=\"https:\/\/phuongducexpress.com.vn\/wp-content\/uploads\/2021\/02\/dvu.jpg 1242w, https:\/\/phuongducexpress.com.vn\/wp-content\/uploads\/2021\/02\/dvu-800x359.jpg 800w, https:\/\/phuongducexpress.com.vn\/wp-content\/uploads\/2021\/02\/dvu-768x344.jpg 768w\" sizes=\"(max-width: 1020px) 100vw, 1020px\" \/>\t\t\t\t\t\t\n\t\t\t\t\t<\/div>\n\t\t\t\t\t\t\t\t\n<style>\n#image_616625718 {\n  width: 100%;\n}\n<\/style>\n\t<\/div>\n\t\n<div class=\"container section-title-container\" ><h3 class=\"section-title section-title-center\"><b><\/b><span class=\"section-title-main\" style=\"color:rgb(0, 114, 187);\">AIR FREIGHT SERVICES<\/span><b><\/b><\/h3><\/div>\n<p><strong>Time of establishment, purpose of establishment<\/strong><\/p>\n<p>From 2020, Phuong Duc has begun to focus on investment and development of aviation services, although still young. We are agents and partners of 12 major airlines in Vietnam such as Vietnam Airlines, China Airlines, Cathay Pacific, Singapore Airlines.<\/p>\n<p><strong>Forms of transportation <\/strong><\/p>\n<p>In addition to airport to airport services, air collection services, we also provide door to door transportation solutions, full flight rental service, hand carry service for very urgent shipments.<\/p>\n<p><strong>Main marketing<\/strong><\/p>\n<p>Major transportation items: Apparel, footwear, electronics, pharmaceuticals, aircraft equipment and spare parts, dangerous goods, special machinery and equipment, medical equipment, luxury cars, Fresh goods, live animals<\/p>\n<p><strong>Delivery time<\/strong><\/p>\n<p>Phuong Duc also provides integrated, 24\/7 aviation services - fast and convenient delivery including fast delivery within 6 hours after landing.<\/p>\n\t<div class=\"img has-hover x md-x lg-x y md-y lg-y\" id=\"image_1977405802\">\n\t\t\t\t\t\t\t\t<div class=\"img-inner dark\" >\n\t\t\t<img width=\"728\" height=\"376\" src=\"https:\/\/phuongducexpress.com.vn\/wp-content\/uploads\/2021\/02\/doitac.png\" class=\"attachment-large size-large\" alt=\"\" loading=\"lazy\" \/>\t\t\t\t\t\t\n\t\t\t\t\t<\/div>\n\t\t\t\t\t\t\t\t\n<style>\n#image_1977405802 {\n  width: 100%;\n}\n<\/style>\n\t<\/div>","protected":false},"excerpt":{"rendered":"<p>Th\u1eddi gian th\u00e0nh l\u1eadp, m\u1ee5c \u0111\u00edch th\u00e0nh l\u1eadp T\u1eeb n\u0103m 2020, Ph\u01b0\u01a1ng \u0110\u1ee9c b\u1eaft \u0111\u1ea7u ch\u00fa tr\u1ecdng \u0111\u1ea7u t\u01b0 v\u00e0 ph\u00e1t tri\u1ec3n d\u1ecbch v\u1ee5 h\u00e0ng kh\u00f4ng, d\u00f9 c\u00f2n non tr\u1ebb. Ch\u00fang t\u00f4i l\u00e0 \u0111\u1ea1i l\u00fd v\u00e0 \u0111\u1ed1i t\u00e1c c\u1ee7a 12 h\u00e3ng h\u00e0ng kh\u00f4ng ch\u00ednh t\u1ea1i Vi\u1ec7t Nam nh\u01b0 Vietnam Airlines, China Airlines, Cathay Pacific, Singapore [&#8230;]","protected":false},"author":1,"featured_media":0,"parent":296,"menu_order":0,"comment_status":"closed","ping_status":"closed","template":"page-right-sidebar.php","meta":[],"_links":{"self":[{"href":"https:\/\/phuongducexpress.com.vn\/en\/wp-json\/wp\/v2\/pages\/311"}],"collection":[{"href":"https:\/\/phuongducexpress.com.vn\/en\/wp-json\/wp\/v2\/pages"}],"about":[{"href":"https:\/\/phuongducexpress.com.vn\/en\/wp-json\/wp\/v2\/types\/page"}],"author":[{"embeddable":true,"href":"https:\/\/phuongducexpress.com.vn\/en\/wp-json\/wp\/v2\/users\/1"}],"replies":[{"embeddable":true,"href":"https:\/\/phuongducexpress.com.vn\/en\/wp-json\/wp\/v2\/comments?post=311"}],"version-history":[{"count":9,"href":"https:\/\/phuongducexpress.com.vn\/en\/wp-json\/wp\/v2\/pages\/311\/revisions"}],"predecessor-version":[{"id":569,"href":"https:\/\/phuongducexpress.com.vn\/en\/wp-json\/wp\/v2\/pages\/311\/revisions\/569"}],"up":[{"embeddable":true,"href":"https:\/\/phuongducexpress.com.vn\/en\/wp-json\/wp\/v2\/pages\/296"}],"wp:attachment":[{"href":"https:\/\/phuongducexpress.com.vn\/en\/wp-json\/wp\/v2\/media?parent=311"}],"curies":[{"name":"wp","href":"https:\/\/api.w.org\/{rel}","templated":true}]}}