{"id":290,"date":"2021-01-13T10:05:24","date_gmt":"2021-01-13T03:05:24","guid":{"rendered":"https:\/\/phuongducexpress.com.vn\/?page_id=290"},"modified":"2023-06-14T15:48:37","modified_gmt":"2023-06-14T08:48:37","slug":"gioi-thieu","status":"publish","type":"page","link":"https:\/\/phuongducexpress.com.vn\/en\/gioi-thieu\/","title":{"rendered":"About Us"},"content":{"rendered":"<section class=\"section\" id=\"section_1284319117\">\n\t\t<div class=\"bg section-bg fill bg-fill  bg-loaded\" >\n\n\t\t\t\n\t\t\t\n\t\t\t\n\n\t\t<\/div>\n\n\t\t<div class=\"section-content relative\">\n\t\t\t\n<div class=\"row\"  id=\"row-292610695\">\n\n\t<div id=\"col-2065044815\" class=\"col medium-6 small-12 large-6\"  >\n\t\t<div class=\"col-inner\"  >\n\t\t\t\n\t\t\t\n  <div id=\"page-header-534188376\" class=\"page-header-wrapper\">\n  <div class=\"page-title light simple-title\">\n\n    \n    <div class=\"page-title-inner container align-center text-center flex-row-col medium-flex-wrap\" >\n              <div class=\"title-wrapper flex-col\">\n          <h1 class=\"entry-title mb-0\">\n            Profile & Resources          <\/h1>\n        <\/div>\n                <div class=\"page-title-sub op-7 flex-col\">\n          <p class=\"lead\">Right place. Right time.<\/p>\n        <\/div>\n                    <div class=\"title-content flex-col\">\n              <\/div>\n    <\/div>\n\n       <\/div>\n    <\/div>\n  \n\t<div class=\"box has-hover   has-hover box-text-bottom\" >\n\n\t\t<div class=\"box-image\" >\n\t\t\t\t\t\t<div class=\"\" >\n\t\t\t\t<img width=\"585\" height=\"328\" src=\"https:\/\/phuongducexpress.com.vn\/wp-content\/uploads\/2021\/01\/nang-luc.jpg\" class=\"attachment- size-\" alt=\"\" loading=\"lazy\" \/>\t\t\t\t\t\t\t\t\t\t\t<\/div>\n\t\t\t\t\t<\/div>\n\n\t\t<div class=\"box-text text-left\" >\n\t\t\t<div class=\"box-text-inner\">\n\t\t\t\t\n<p>V\u1edbi 08 n\u0103m kinh nghi\u1ec7m trong ng\u00e0nh v\u1eadn t\u1ea3i, Logistics, v\u1eadn chuy\u1ec3n qu\u1ed1c t\u1ebf. V\u1edbi chi\u1ebfn l\u01b0\u1ee3c kinh doanh t\u1eadp trung v\u00e0o v\u1eadn chuy\u1ec3n Qu\u1ed1c t\u1ebf &#8211;\u00a0 r\u00f5 r\u00e0ng, chi ti\u1ebft v\u00e0 minh b\u1ea1ch. M\u1ed9t h\u1ec7 th\u1ed1ng v\u1eadn chuy\u1ec3n &#8211; giao nh\u1eadn tr\u1ea3i r\u1ed9ng kh\u1eafp nhanh ch\u00f3ng, an to\u00e0n v\u00e0 \u0111\u1ed9i ng\u0169 nh\u00e2n vi\u00ean \u0111\u01b0\u1ee3c \u0111\u00e0o t\u1ea1o chuy\u00ean nghi\u1ec7p, n\u0103ng \u0111\u1ed9ng.<\/p>\n<h4>Warehouse and yards in Viet Nam<\/h4>\n<p>ERP, CRM, BI and PPS systems are synchronous. Managing and tracking shipments in all routing. More than 84 trucks that are the most modern by famous brands such as Hino, Isuzu, Huyndai, International, Nissan, Mitsubishi, Kamaz, Deawoo, Freightliner,... Weight loading from 1 ton to 38 tons (container trailer)<\/p>\n<p>Vehicle management by global navigating system (GPS). There is a branch system placed on the main avenues of the country. Time taken for shipping does not exceed 48 hours throughout Vietnam. Our team includes professional and experienced drivers in shipping and running long-distance truck routes and well-trained delivery business administrators in an environment of international freight forwarding.<\/p>\n<h4>Trust brand<\/h4>\n<p>We have been playing a key role in freight forwarding that serves many reputated brands and business. Phuong Duc commit to follow closely your shipments to ensure they arrive in a timely and cost-efficient fashion. We assure to satisfy our customers.<\/p>\n\t\t\t<\/div>\n\t\t<\/div>\n\t<\/div>\n\t\n\t\t<\/div>\n\t\t\t<\/div>\n\n\t\n\n\t<div id=\"col-21823063\" class=\"col medium-6 small-12 large-6\"  >\n\t\t<div class=\"col-inner\"  >\n\t\t\t\n\t\t\t\n  <div id=\"page-header-778636432\" class=\"page-header-wrapper\">\n  <div class=\"page-title light simple-title\">\n\n    \n    <div class=\"page-title-inner container align-center text-center flex-row-col medium-flex-wrap\" >\n              <div class=\"title-wrapper flex-col\">\n          <h1 class=\"entry-title mb-0\">\n            Customer service          <\/h1>\n        <\/div>\n                <div class=\"page-title-sub op-7 flex-col\">\n          <p class=\"lead\">Policy and customer care<\/p>\n        <\/div>\n                    <div class=\"title-content flex-col\">\n              <\/div>\n    <\/div>\n\n       <\/div>\n    <\/div>\n  \n\t<div class=\"box has-hover   has-hover box-text-bottom\" >\n\n\t\t<div class=\"box-image\" >\n\t\t\t\t\t\t<div class=\"\" >\n\t\t\t\t<img width=\"800\" height=\"418\" src=\"https:\/\/phuongducexpress.com.vn\/wp-content\/uploads\/2021\/03\/dichvukh.jpg\" class=\"attachment- size-\" alt=\"\" loading=\"lazy\" srcset=\"https:\/\/phuongducexpress.com.vn\/wp-content\/uploads\/2021\/03\/dichvukh.jpg 800w, https:\/\/phuongducexpress.com.vn\/wp-content\/uploads\/2021\/03\/dichvukh-768x401.jpg 768w\" sizes=\"(max-width: 800px) 100vw, 800px\" \/>\t\t\t\t\t\t\t\t\t\t\t<\/div>\n\t\t\t\t\t<\/div>\n\n\t\t<div class=\"box-text text-left\" >\n\t\t\t<div class=\"box-text-inner\">\n\t\t\t\t\n<p>Ph\u01b0\u01a1ng \u0110\u1ee9c Express t\u1eadp trung v\u1edbi \u0111\u1ecbnh h\u01b0\u1edbng \u0111\u1ea7u t\u01b0 trong l\u0129nh v\u1ef1c v\u1eadn chuy\u1ec3n Qu\u1ed1c T\u1ebf, v\u1eadn t\u1ea3i h\u00e0ng kh\u00f4ng, v\u1eadn t\u1ea3i \u0111\u01b0\u1eddng bi\u1ec3n nh\u1eb1m cung c\u1ea5p d\u1ecbch v\u1ee5 t\u1ed1t nh\u1ea5t cho kh\u00e1ch h\u00e0ng. Lu\u00f4n ho\u1ea1t \u0111\u1ed9ng theo chu\u1ea9n m\u1ef1c \u0111\u1ea1o \u0111\u1ee9c ngh\u1ec1 nghi\u1ec7p cao, tu\u00e2n th\u1ee7 ph\u00e1p lu\u1eadt v\u00e0 lu\u00f4n c\u00f4ng khai minh b\u1ea1ch c\u00e1c ho\u1ea1t \u0111\u1ed9ng kinh doanh.<br \/>\n\u0110\u1ed1i v\u1edbi Qu\u00fd kh\u00e1ch h\u00e0ng khi s\u1eed d\u1ee5ng d\u1ecbch v\u1ee5 c\u1ee7a Ph\u01b0\u01a1ng \u0110\u1ee9c Express s\u1ebd \u0111\u01b0\u1ee3c t\u01b0 v\u1ea5n v\u00e0 cung c\u1ea5p c\u00e1c gi\u1ea3i ph\u00e1p xu\u1ea5t nh\u1eadp kh\u1ea9u Qu\u1ed1c t\u1ebf: Nhanh ch\u00f3ng \u2013 Ch\u00ednh x\u00e1c \u2013 An to\u00e0n \u2013 Ti\u1ebft ki\u1ec7m \u2013 \u0110\u1ea3m b\u1ea3o \u0111\u00fang th\u1eddi gian to\u00e0n tr\u00ecnh, \u0111\u1ecba \u0111i\u1ec3m quy \u0111\u1ecbnh.<br \/>\nD\u1ecbch v\u1ee5 v\u1eadn chuy\u1ec3n Qu\u1ed1c t\u1ebf l\u00e0 s\u1ef1 k\u1ebft n\u1ed1i ho\u1ea1t \u0111\u1ed9ng c\u1ee7a m\u1ed7i c\u00e1 nh\u00e2n, \u0111\u01a1n v\u1ecb, doanh nghi\u1ec7p. N\u1eafm b\u1eaft \u0111\u01b0\u1ee3c t\u1ea7m quan tr\u1ecdng \u0111\u00f3, hi\u1ec3u r\u00f5 \u0111\u01b0\u1ee3c gi\u00e1 tr\u1ecb c\u1ea7n thi\u1ebft c\u1ee7a vi\u1ec7c v\u1eadn chuy\u1ec3n, Ph\u01b0\u01a1ng \u0110\u1ee9c Express ch\u00fang t\u00f4i ra \u0111\u1eddi nh\u1eb1m g\u00f3p m\u1ed9t ph\u1ea7n nh\u1ecf n\u00e0o \u0111\u00f3 cho s\u1ef1 ph\u00e1t tri\u1ec3n x\u00e3 h\u1ed9i, c\u0169ng nh\u01b0 mong mu\u1ed1n t\u1ea1o th\u00eam c\u00f4ng \u0103n vi\u1ec7c l\u00e0m cho m\u1ecdi ng\u01b0\u1eddi v\u00e0 chia s\u1ebb nh\u1eefng nh\u1eefng kh\u00f3 kh\u0103n c\u00f9ng c\u1ed9ng \u0111\u1ed3ng.<\/p>\n\t\t\t<\/div>\n\t\t<\/div>\n\t<\/div>\n\t\n\t\t<\/div>\n\t\t\t<\/div>\n\n\t\n<\/div>\n\t\t<\/div>\n\n\t\t\n<style>\n#section_1284319117 {\n  padding-top: 30px;\n  padding-bottom: 30px;\n}\n<\/style>\n\t<\/section>","protected":false},"excerpt":{"rendered":"","protected":false},"author":1,"featured_media":0,"parent":0,"menu_order":0,"comment_status":"closed","ping_status":"closed","template":"page-blank.php","meta":[],"_links":{"self":[{"href":"https:\/\/phuongducexpress.com.vn\/en\/wp-json\/wp\/v2\/pages\/290"}],"collection":[{"href":"https:\/\/phuongducexpress.com.vn\/en\/wp-json\/wp\/v2\/pages"}],"about":[{"href":"https:\/\/phuongducexpress.com.vn\/en\/wp-json\/wp\/v2\/types\/page"}],"author":[{"embeddable":true,"href":"https:\/\/phuongducexpress.com.vn\/en\/wp-json\/wp\/v2\/users\/1"}],"replies":[{"embeddable":true,"href":"https:\/\/phuongducexpress.com.vn\/en\/wp-json\/wp\/v2\/comments?post=290"}],"version-history":[{"count":15,"href":"https:\/\/phuongducexpress.com.vn\/en\/wp-json\/wp\/v2\/pages\/290\/revisions"}],"predecessor-version":[{"id":910,"href":"https:\/\/phuongducexpress.com.vn\/en\/wp-json\/wp\/v2\/pages\/290\/revisions\/910"}],"wp:attachment":[{"href":"https:\/\/phuongducexpress.com.vn\/en\/wp-json\/wp\/v2\/media?parent=290"}],"curies":[{"name":"wp","href":"https:\/\/api.w.org\/{rel}","templated":true}]}}